{"id":3763,"date":"2024-10-03T09:30:50","date_gmt":"2024-10-03T09:30:50","guid":{"rendered":"https:\/\/ichca.net\/2025\/?page_id=3763"},"modified":"2025-05-02T10:38:29","modified_gmt":"2025-05-02T10:38:29","slug":"scientific-committee","status":"publish","type":"page","link":"https:\/\/ichca.net\/2025\/scientific-committee\/","title":{"rendered":"SCIENTIFIC COMMITTEE"},"content":{"rendered":"\t\t<div data-elementor-type=\"wp-page\" data-elementor-id=\"3763\" class=\"elementor elementor-3763\" data-elementor-post-type=\"page\">\n\t\t\t\t<div class=\"elementor-element elementor-element-744c1cd7 elementor-hidden-mobile e-flex e-con-boxed e-con e-parent\" data-id=\"744c1cd7\" data-element_type=\"container\" data-settings=\"{&quot;background_background&quot;:&quot;classic&quot;}\">\n\t\t\t\t\t<div class=\"e-con-inner\">\n\t\t\t\t<div class=\"elementor-element elementor-element-2f8d7c62 elementor-widget elementor-widget-heading\" data-id=\"2f8d7c62\" data-element_type=\"widget\" data-widget_type=\"heading.default\">\n\t\t\t\t<div class=\"elementor-widget-container\">\n\t\t\t\t\t<h2 class=\"elementor-heading-title elementor-size-default\">SCIENTIFIC <br>COMMITTEE<\/h2>\t\t\t\t<\/div>\n\t\t\t\t<\/div>\n\t\t\t\t\t<\/div>\n\t\t\t\t<\/div>\n\t\t<div class=\"elementor-element elementor-element-2d9c935e elementor-hidden-desktop elementor-hidden-tablet e-flex e-con-boxed e-con e-parent\" data-id=\"2d9c935e\" data-element_type=\"container\" data-settings=\"{&quot;background_background&quot;:&quot;classic&quot;}\">\n\t\t\t\t\t<div class=\"e-con-inner\">\n\t\t<div class=\"elementor-element elementor-element-314aedc4 e-con-full e-flex e-con e-child\" data-id=\"314aedc4\" data-element_type=\"container\">\n\t\t\t\t<div class=\"elementor-element elementor-element-549efbf0 elementor-widget elementor-widget-heading\" data-id=\"549efbf0\" data-element_type=\"widget\" data-widget_type=\"heading.default\">\n\t\t\t\t<div class=\"elementor-widget-container\">\n\t\t\t\t\t<h2 class=\"elementor-heading-title elementor-size-default\">SCIENTIFIC<BR>COMMITTEE<\/h2>\t\t\t\t<\/div>\n\t\t\t\t<\/div>\n\t\t\t\t<\/div>\n\t\t\t\t\t<\/div>\n\t\t\t\t<\/div>\n\t\t<div class=\"elementor-element elementor-element-3808048d e-flex e-con-boxed e-con e-parent\" data-id=\"3808048d\" data-element_type=\"container\">\n\t\t\t\t\t<div class=\"e-con-inner\">\n\t\t\t\t<div class=\"elementor-element elementor-element-5d052dc5 elementor-widget elementor-widget-heading\" data-id=\"5d052dc5\" data-element_type=\"widget\" data-widget_type=\"heading.default\">\n\t\t\t\t<div class=\"elementor-widget-container\">\n\t\t\t\t\t<h2 class=\"elementor-heading-title elementor-size-default\">ICHCA 2025 SCIENTIFIC COMMITTEE<\/h2>\t\t\t\t<\/div>\n\t\t\t\t<\/div>\n\t\t\t\t\t<\/div>\n\t\t\t\t<\/div>\n\t\t<div class=\"elementor-element elementor-element-6282471 e-flex e-con-boxed e-con e-parent\" data-id=\"6282471\" data-element_type=\"container\">\n\t\t\t\t\t<div class=\"e-con-inner\">\n\t\t\t\t<div class=\"elementor-element elementor-element-80acdac elementor-widget elementor-widget-text-editor\" data-id=\"80acdac\" data-element_type=\"widget\" data-widget_type=\"text-editor.default\">\n\t\t\t\t<div class=\"elementor-widget-container\">\n\t\t\t\t\t\t\t\t\t<p>Daniel Feig, <em>USA<\/em><\/p><p>Joseph Flynn, <em>USA<\/em><\/p><p>Ruan Kruger, <em>South Africa<\/em><\/p><p>Mieczyslaw Litwin, <em>Poland<\/em><\/p><p>Mark Mitsnefes, <em>USA<\/em><\/p><p>Brian Rayner, <em>South Africa<\/em><\/p><p>Tom\u00e1\u0161 Seeman, <em>Czechia<\/em><\/p><p>Manish Sinha, <em>UK<\/em><\/p><p>Stella Stabouli, <em>Greece<\/em><\/p><p>Elaine Urbina, <em>USA<\/em><\/p><p>Elke W\u00fchl, <em>Germany<\/em><\/p>\t\t\t\t\t\t\t\t<\/div>\n\t\t\t\t<\/div>\n\t\t\t\t\t<\/div>\n\t\t\t\t<\/div>\n\t\t<div class=\"elementor-element elementor-element-046012d e-flex e-con-boxed e-con e-parent\" data-id=\"046012d\" data-element_type=\"container\" data-settings=\"{&quot;background_background&quot;:&quot;classic&quot;}\">\n\t\t\t\t\t<div class=\"e-con-inner\">\n\t\t\t\t<div class=\"elementor-element elementor-element-3788fd5 elementor-widget-divider--view-line elementor-widget elementor-widget-divider\" data-id=\"3788fd5\" data-element_type=\"widget\" data-widget_type=\"divider.default\">\n\t\t\t\t<div class=\"elementor-widget-container\">\n\t\t\t\t\t\t\t<div class=\"elementor-divider\">\n\t\t\t<span class=\"elementor-divider-separator\">\n\t\t\t\t\t\t<\/span>\n\t\t<\/div>\n\t\t\t\t\t\t<\/div>\n\t\t\t\t<\/div>\n\t\t\t\t\t<\/div>\n\t\t\t\t<\/div>\n\t\t\t\t<\/div>\n\t\t","protected":false},"excerpt":{"rendered":"<p>SCIENTIFIC COMMITTEE SCIENTIFICCOMMITTEE ICHCA 2025 SCIENTIFIC COMMITTEE Daniel Feig, USA Joseph Flynn, USA Ruan Kruger, South Africa Mieczyslaw Litwin, Poland Mark Mitsnefes, USA Brian Rayner, South Africa Tom\u00e1\u0161 Seeman, Czechia Manish Sinha, UK Stella Stabouli, Greece Elaine Urbina, USA Elke W\u00fchl, Germany<\/p>\n","protected":false},"author":1,"featured_media":0,"parent":0,"menu_order":0,"comment_status":"closed","ping_status":"closed","template":"","meta":{"_monsterinsights_skip_tracking":false,"_monsterinsights_sitenote_active":false,"_monsterinsights_sitenote_note":"","_monsterinsights_sitenote_category":0,"_uf_show_specific_survey":0,"_uf_disable_surveys":false,"footnotes":""},"class_list":["post-3763","page","type-page","status-publish","hentry"],"yoast_head":"<!-- This site is optimized with the Yoast SEO plugin v25.5 - https:\/\/yoast.com\/wordpress\/plugins\/seo\/ -->\n<title>ICHCA - Scientific Committee<\/title>\n<meta name=\"description\" content=\"Meet the ICHCA Scientific Committee, experts driving innovation in cargo handling and advancing safety in the industry.\" \/>\n<meta name=\"robots\" content=\"index, follow, max-snippet:-1, max-image-preview:large, max-video-preview:-1\" \/>\n<link rel=\"canonical\" href=\"https:\/\/ichca.net\/2025\/scientific-committee\/\" \/>\n<meta property=\"og:locale\" content=\"en_US\" \/>\n<meta property=\"og:type\" content=\"article\" \/>\n<meta property=\"og:title\" content=\"ICHCA - Scientific Committee\" \/>\n<meta property=\"og:description\" content=\"Meet the ICHCA Scientific Committee, experts driving innovation in cargo handling and advancing safety in the industry.\" \/>\n<meta property=\"og:url\" content=\"https:\/\/ichca.net\/2025\/scientific-committee\/\" \/>\n<meta property=\"og:site_name\" content=\"ICHCA 2025\" \/>\n<meta property=\"article:modified_time\" content=\"2025-05-02T10:38:29+00:00\" \/>\n<meta name=\"twitter:card\" content=\"summary_large_image\" \/>\n<meta name=\"twitter:label1\" content=\"Est. reading time\" \/>\n\t<meta name=\"twitter:data1\" content=\"1 minute\" \/>\n<script type=\"application\/ld+json\" class=\"yoast-schema-graph\">{\"@context\":\"https:\/\/schema.org\",\"@graph\":[{\"@type\":\"WebPage\",\"@id\":\"https:\/\/ichca.net\/2025\/scientific-committee\/\",\"url\":\"https:\/\/ichca.net\/2025\/scientific-committee\/\",\"name\":\"ICHCA - Scientific Committee\",\"isPartOf\":{\"@id\":\"https:\/\/ichca.net\/2025\/#website\"},\"datePublished\":\"2024-10-03T09:30:50+00:00\",\"dateModified\":\"2025-05-02T10:38:29+00:00\",\"description\":\"Meet the ICHCA Scientific Committee, experts driving innovation in cargo handling and advancing safety in the industry.\",\"breadcrumb\":{\"@id\":\"https:\/\/ichca.net\/2025\/scientific-committee\/#breadcrumb\"},\"inLanguage\":\"en-US\",\"potentialAction\":[{\"@type\":\"ReadAction\",\"target\":[\"https:\/\/ichca.net\/2025\/scientific-committee\/\"]}]},{\"@type\":\"BreadcrumbList\",\"@id\":\"https:\/\/ichca.net\/2025\/scientific-committee\/#breadcrumb\",\"itemListElement\":[{\"@type\":\"ListItem\",\"position\":1,\"name\":\"Home\",\"item\":\"https:\/\/ichca.net\/2025\/\"},{\"@type\":\"ListItem\",\"position\":2,\"name\":\"SCIENTIFIC COMMITTEE\"}]},{\"@type\":\"WebSite\",\"@id\":\"https:\/\/ichca.net\/2025\/#website\",\"url\":\"https:\/\/ichca.net\/2025\/\",\"name\":\"ICHCA 2025\",\"description\":\"The 3rd Internatiional Congress of Hypertension in Children and Adolescents\",\"publisher\":{\"@id\":\"https:\/\/ichca.net\/2025\/#organization\"},\"potentialAction\":[{\"@type\":\"SearchAction\",\"target\":{\"@type\":\"EntryPoint\",\"urlTemplate\":\"https:\/\/ichca.net\/2025\/?s={search_term_string}\"},\"query-input\":{\"@type\":\"PropertyValueSpecification\",\"valueRequired\":true,\"valueName\":\"search_term_string\"}}],\"inLanguage\":\"en-US\"},{\"@type\":\"Organization\",\"@id\":\"https:\/\/ichca.net\/2025\/#organization\",\"name\":\"ICHCA 2025\",\"url\":\"https:\/\/ichca.net\/2025\/\",\"logo\":{\"@type\":\"ImageObject\",\"inLanguage\":\"en-US\",\"@id\":\"https:\/\/ichca.net\/2025\/#\/schema\/logo\/image\/\",\"url\":\"https:\/\/ichca.net\/2025\/wp-content\/uploads\/2024\/04\/ICHCA-2025-Banner-04-scaled.jpg\",\"contentUrl\":\"https:\/\/ichca.net\/2025\/wp-content\/uploads\/2024\/04\/ICHCA-2025-Banner-04-scaled.jpg\",\"width\":2560,\"height\":953,\"caption\":\"ICHCA 2025\"},\"image\":{\"@id\":\"https:\/\/ichca.net\/2025\/#\/schema\/logo\/image\/\"}}]}<\/script>\n<!-- \/ Yoast SEO plugin. -->","yoast_head_json":{"title":"ICHCA - Scientific Committee","description":"Meet the ICHCA Scientific Committee, experts driving innovation in cargo handling and advancing safety in the industry.","robots":{"index":"index","follow":"follow","max-snippet":"max-snippet:-1","max-image-preview":"max-image-preview:large","max-video-preview":"max-video-preview:-1"},"canonical":"https:\/\/ichca.net\/2025\/scientific-committee\/","og_locale":"en_US","og_type":"article","og_title":"ICHCA - Scientific Committee","og_description":"Meet the ICHCA Scientific Committee, experts driving innovation in cargo handling and advancing safety in the industry.","og_url":"https:\/\/ichca.net\/2025\/scientific-committee\/","og_site_name":"ICHCA 2025","article_modified_time":"2025-05-02T10:38:29+00:00","twitter_card":"summary_large_image","twitter_misc":{"Est. reading time":"1 minute"},"schema":{"@context":"https:\/\/schema.org","@graph":[{"@type":"WebPage","@id":"https:\/\/ichca.net\/2025\/scientific-committee\/","url":"https:\/\/ichca.net\/2025\/scientific-committee\/","name":"ICHCA - Scientific Committee","isPartOf":{"@id":"https:\/\/ichca.net\/2025\/#website"},"datePublished":"2024-10-03T09:30:50+00:00","dateModified":"2025-05-02T10:38:29+00:00","description":"Meet the ICHCA Scientific Committee, experts driving innovation in cargo handling and advancing safety in the industry.","breadcrumb":{"@id":"https:\/\/ichca.net\/2025\/scientific-committee\/#breadcrumb"},"inLanguage":"en-US","potentialAction":[{"@type":"ReadAction","target":["https:\/\/ichca.net\/2025\/scientific-committee\/"]}]},{"@type":"BreadcrumbList","@id":"https:\/\/ichca.net\/2025\/scientific-committee\/#breadcrumb","itemListElement":[{"@type":"ListItem","position":1,"name":"Home","item":"https:\/\/ichca.net\/2025\/"},{"@type":"ListItem","position":2,"name":"SCIENTIFIC COMMITTEE"}]},{"@type":"WebSite","@id":"https:\/\/ichca.net\/2025\/#website","url":"https:\/\/ichca.net\/2025\/","name":"ICHCA 2025","description":"The 3rd Internatiional Congress of Hypertension in Children and Adolescents","publisher":{"@id":"https:\/\/ichca.net\/2025\/#organization"},"potentialAction":[{"@type":"SearchAction","target":{"@type":"EntryPoint","urlTemplate":"https:\/\/ichca.net\/2025\/?s={search_term_string}"},"query-input":{"@type":"PropertyValueSpecification","valueRequired":true,"valueName":"search_term_string"}}],"inLanguage":"en-US"},{"@type":"Organization","@id":"https:\/\/ichca.net\/2025\/#organization","name":"ICHCA 2025","url":"https:\/\/ichca.net\/2025\/","logo":{"@type":"ImageObject","inLanguage":"en-US","@id":"https:\/\/ichca.net\/2025\/#\/schema\/logo\/image\/","url":"https:\/\/ichca.net\/2025\/wp-content\/uploads\/2024\/04\/ICHCA-2025-Banner-04-scaled.jpg","contentUrl":"https:\/\/ichca.net\/2025\/wp-content\/uploads\/2024\/04\/ICHCA-2025-Banner-04-scaled.jpg","width":2560,"height":953,"caption":"ICHCA 2025"},"image":{"@id":"https:\/\/ichca.net\/2025\/#\/schema\/logo\/image\/"}}]}},"_links":{"self":[{"href":"https:\/\/ichca.net\/2025\/wp-json\/wp\/v2\/pages\/3763","targetHints":{"allow":["GET"]}}],"collection":[{"href":"https:\/\/ichca.net\/2025\/wp-json\/wp\/v2\/pages"}],"about":[{"href":"https:\/\/ichca.net\/2025\/wp-json\/wp\/v2\/types\/page"}],"author":[{"embeddable":true,"href":"https:\/\/ichca.net\/2025\/wp-json\/wp\/v2\/users\/1"}],"replies":[{"embeddable":true,"href":"https:\/\/ichca.net\/2025\/wp-json\/wp\/v2\/comments?post=3763"}],"version-history":[{"count":16,"href":"https:\/\/ichca.net\/2025\/wp-json\/wp\/v2\/pages\/3763\/revisions"}],"predecessor-version":[{"id":5233,"href":"https:\/\/ichca.net\/2025\/wp-json\/wp\/v2\/pages\/3763\/revisions\/5233"}],"wp:attachment":[{"href":"https:\/\/ichca.net\/2025\/wp-json\/wp\/v2\/media?parent=3763"}],"curies":[{"name":"wp","href":"https:\/\/api.w.org\/{rel}","templated":true}]}}